{"id":710,"date":"2020-11-10T19:53:23","date_gmt":"2020-11-11T01:53:23","guid":{"rendered":"https:\/\/dcsb6.org\/?page_id=710"},"modified":"2024-08-23T12:06:00","modified_gmt":"2024-08-23T18:06:00","slug":"about-ecco","status":"publish","type":"page","link":"https:\/\/eccollective.org\/es\/about-ecco\/","title":{"rendered":"ECCo"},"content":{"rendered":"<div class=\"wp-block-cover alignfull has-parallax is-light\" style=\"min-height:448px;aspect-ratio:unset;\"><span aria-hidden=\"true\" class=\"wp-block-cover__background has-background-dim\"><\/span><div class=\"wp-block-cover__image-background wp-image-39 has-parallax\" style=\"background-position:50% 50%;background-image:url(https:\/\/dcsb6.org\/wp-content\/uploads\/2020\/11\/pexels-archie-binamira-754769-scaled.jpg)\"><\/div><div class=\"wp-block-cover__inner-container is-layout-flow wp-block-cover-is-layout-flow\">\n<p class=\"has-text-align-center has-light-color has-text-color has-link-color wp-elements-f519d9edb9802f461ff569c7b54d2366\" style=\"font-size:60px\"><strong>Early Childhood Collective<\/strong><\/p>\n\n\n\n<p class=\"has-text-align-center has-light-color has-text-color has-link-color has-large-font-size wp-elements-dbb2995deaca1102cb2efa8aa0b7fccd\"><em>Dedicated to serving the community &amp; connecting people with the resources they need.<\/em><\/p>\n<\/div><\/div>\n\n\n\n<div style=\"height:40px\" aria-hidden=\"true\" class=\"wp-block-spacer\"><\/div>\n\n\n\n<h2 class=\"wp-block-heading has-text-align-center has-light-color has-font-background-color has-text-color has-background has-huge-font-size\"><strong><em>Early Childhood Collective connects the coalition of early childhood resources that serves growing families in Douglas County. <\/em><\/strong><\/h2>\n\n\n\n<div style=\"height:30px\" aria-hidden=\"true\" class=\"wp-block-spacer\"><\/div>\n\n\n\n<div class=\"wp-block-columns is-layout-flex wp-container-core-columns-is-layout-9d6595d7 wp-block-columns-is-layout-flex\">\n<div class=\"wp-block-column is-vertically-aligned-center is-layout-flow wp-block-column-is-layout-flow\" style=\"flex-basis:50%\">\n<figure class=\"wp-block-image aligncenter size-large is-resized\"><img loading=\"lazy\" decoding=\"async\" width=\"1024\" height=\"683\" src=\"https:\/\/dcsb6.org\/wp-content\/uploads\/2020\/11\/family-2811003_1920-1024x683.jpg\" alt=\"\" class=\"wp-image-34\" srcset=\"https:\/\/eccollective.org\/wp-content\/uploads\/2020\/11\/family-2811003_1920-1024x683.jpg 1024w, https:\/\/eccollective.org\/wp-content\/uploads\/2020\/11\/family-2811003_1920-600x400.jpg 600w, https:\/\/eccollective.org\/wp-content\/uploads\/2020\/11\/family-2811003_1920-300x200.jpg 300w, https:\/\/eccollective.org\/wp-content\/uploads\/2020\/11\/family-2811003_1920-768x512.jpg 768w, https:\/\/eccollective.org\/wp-content\/uploads\/2020\/11\/family-2811003_1920-1536x1024.jpg 1536w, https:\/\/eccollective.org\/wp-content\/uploads\/2020\/11\/family-2811003_1920.jpg 1920w\" sizes=\"auto, (max-width: 1024px) 100vw, 1024px\" \/><\/figure>\n<\/div>\n\n\n\n<div class=\"wp-block-column is-layout-flow wp-block-column-is-layout-flow\" style=\"flex-basis:50%\">\n<p class=\"has-large-font-size\">To accomplish this mission, we partner with existing agencies that serve families with young children. Early Childhood Collective strives to strengthen these partners\u2019 capacities by selecting, designing, and evaluating projects, programs and policies implemented by these partners.&nbsp;<\/p>\n\n\n\n<p class=\"has-large-font-size\">Early Childhood Collective approaches these partnerships with an eye to strengthening families by recognizing and facilitating access to five factors that improve child outcomes and protect families&nbsp;from abuse and neglect.&nbsp;<\/p>\n\n\n\n<div class=\"wp-block-buttons is-content-justification-center is-layout-flex wp-container-core-buttons-is-layout-16018d1d wp-block-buttons-is-layout-flex\">\n<div class=\"wp-block-button is-style-fill\"><a class=\"wp-block-button__link has-main-background-color has-background wp-element-button\" href=\"https:\/\/dcsb6.org\/about-sb6\/strengthening-families\/\" style=\"border-radius:26px\">LEARN MORE ABOUT THE FIVE FACTORS<\/a><\/div>\n<\/div>\n<\/div>\n<\/div>\n\n\n<style>.wp-block-kadence-spacer.kt-block-spacer-710_65930a-82 .kt-block-spacer{height:60px;}.wp-block-kadence-spacer.kt-block-spacer-710_65930a-82 .kt-divider{border-top-width:1px;height:1px;border-top-color:#eee;width:80%;border-top-style:solid;}<\/style>\n<div class=\"wp-block-kadence-spacer aligncenter kt-block-spacer-710_65930a-82\"><div class=\"kt-block-spacer kt-block-spacer-halign-center\"><\/div><\/div>\n\n\n\n<div class=\"wp-block-group has-light-color has-main-background-color has-text-color has-background is-layout-flow wp-block-group-is-layout-flow\">\n<p class=\"has-text-align-center\" style=\"font-size:50px\"><strong>Our History<\/strong><\/p>\n\n\n\n<p class=\"has-medium-font-size\">In the late 1990s a growing multidisciplinary, inter-agency group of individuals requested and received support from the Kansas Health Foundation to develop a vision. The vision \u201cThe Early Years Building Blocks for the Future\u201d and the mission \u201cTo ensure and all Douglas County families of children under six have what they need to successfully parent their young children, thereby fostering positive parent-child relationships and leading to success in school and in life\u201d have guided the coalition. Early Childhood Collective (ECCo), formerly known as Success By 6 or SB6, as it became known, began preparing and submitting funding applications.&nbsp;<\/p>\n\n\n\n<p class=\"has-medium-font-size\">Early Childhood Collective has received grants or partnered with other agencies to support early literacy, quality and affordability of early care and education, early childhood mental health consultation, parenting education, preventing homelessness for families with infants and toddlers, and paid maternity leave.<\/p>\n\n\n\n<div class=\"wp-block-columns is-layout-flex wp-container-core-columns-is-layout-9d6595d7 wp-block-columns-is-layout-flex\">\n<div class=\"wp-block-column is-layout-flow wp-block-column-is-layout-flow\" style=\"flex-basis:66.66%\">\n<p class=\"has-light-color has-text-color has-medium-font-size\">Emergent literacy investments have remained consistent. Early on ECC\u2019s READ, TALK, SING campaign, raised the awareness of how parent-child relationships result in positive outcomes. SB6 help embed literacy coaches in early care and education classrooms. ECCo purchased \u201c<a href=\"https:\/\/kslib.info\/155\/6-by-6\" target=\"_blank\" rel=\"noreferrer noopener\"><strong>6 by 6 Ready to Read<\/strong><\/a>\u201d materials for distribution through partners. Recently, ECCo become the sponsor for Dolly Parton\u2019s Imagination Library of Douglas County and for the Race Education And Development (<strong><a href=\"https:\/\/www.facebook.com\/READLawrenceKS\" target=\"_blank\" rel=\"noreferrer noopener\">READ<\/a><\/strong>) project to install little libraries.<\/p>\n<\/div>\n\n\n\n<div class=\"wp-block-column is-vertically-aligned-center is-layout-flow wp-block-column-is-layout-flow\" style=\"flex-basis:50%\">\n<figure class=\"wp-block-image aligncenter size-large is-resized\"><img loading=\"lazy\" decoding=\"async\" width=\"1024\" height=\"768\" src=\"https:\/\/dcsb6.org\/wp-content\/uploads\/2021\/01\/diplgrant-1024x768.jpg\" alt=\"\" class=\"wp-image-1587\" srcset=\"https:\/\/eccollective.org\/wp-content\/uploads\/2021\/01\/diplgrant-1024x768.jpg 1024w, https:\/\/eccollective.org\/wp-content\/uploads\/2021\/01\/diplgrant-300x225.jpg 300w, https:\/\/eccollective.org\/wp-content\/uploads\/2021\/01\/diplgrant-768x576.jpg 768w, https:\/\/eccollective.org\/wp-content\/uploads\/2021\/01\/diplgrant-1536x1152.jpg 1536w, https:\/\/eccollective.org\/wp-content\/uploads\/2021\/01\/diplgrant-16x12.jpg 16w, https:\/\/eccollective.org\/wp-content\/uploads\/2021\/01\/diplgrant-1140x855.jpg 1140w, https:\/\/eccollective.org\/wp-content\/uploads\/2021\/01\/diplgrant-600x450.jpg 600w, https:\/\/eccollective.org\/wp-content\/uploads\/2021\/01\/diplgrant.jpg 2016w\" sizes=\"auto, (max-width: 1024px) 100vw, 1024px\" \/><\/figure>\n<\/div>\n<\/div>\n\n\n\n<p class=\"has-medium-font-size\">In 2004, ECCo became an independent non-profit agency with a board of directors. ECCo leadership continued to invest in our early childhood implementing partner agencies thus maintaining a community-wide system building strategy.<\/p>\n\n\n\n<p class=\"has-medium-font-size\">Of course, no progress would have been possible without the trust of donors and grants and contracts from the Children\u2019s Cabinet, the United Way, KS Dept. for Children &amp; Families, KS Dept. of Education, KS Dept. of Health &amp; Environment, U.S. Dept of Education, the KS Health Foundation, the St. Patrick\u2019s Day Parade Committee, the Douglas County Community Foundation, and the City of Lawrence.&nbsp;<\/p>\n\n\n\n<div class=\"wp-block-buttons is-content-justification-center is-layout-flex wp-container-core-buttons-is-layout-16018d1d wp-block-buttons-is-layout-flex\">\n<div class=\"wp-block-button\"><a class=\"wp-block-button__link has-font-background-color has-background wp-element-button\" href=\"https:\/\/dcsb6.org\/donate\/\" style=\"border-radius:50px\"><strong>BECOME A DONOR<\/strong><\/a><\/div>\n<\/div>\n<\/div>\n\n\n<style>.wp-block-kadence-spacer.kt-block-spacer-710_a28bfa-8c .kt-block-spacer{height:60px;}.wp-block-kadence-spacer.kt-block-spacer-710_a28bfa-8c .kt-divider{border-top-width:1px;height:1px;border-top-color:#eee;width:80%;border-top-style:solid;}<\/style>\n<div class=\"wp-block-kadence-spacer aligncenter kt-block-spacer-710_a28bfa-8c\"><div class=\"kt-block-spacer kt-block-spacer-halign-center\"><\/div><\/div>\n\n\n\n<p><\/p>","protected":false},"excerpt":{"rendered":"<p>Early Childhood Collective connects the coalition of early childhood resources that serves growing families in Douglas County. To accomplish this<span class=\"more-dots\">&#8230;<\/span><\/p>","protected":false},"author":2,"featured_media":1789,"parent":0,"menu_order":0,"comment_status":"closed","ping_status":"closed","template":"","meta":{"_uag_custom_page_level_css":"","footnotes":""},"class_list":["post-710","page","type-page","status-publish","has-post-thumbnail","hentry"],"yoast_head":"<!-- This site is optimized with the Yoast SEO plugin v27.4 - https:\/\/yoast.com\/product\/yoast-seo-wordpress\/ -->\n<title>ECCo | Early Childhood Collective of Douglas County<\/title>\n<meta name=\"description\" content=\"Success By 6 assists families with young children 6 and under with ways to connect with community resources for developmental needs, parenting assistance, and daily living needs.\" \/>\n<meta name=\"robots\" content=\"index, follow, max-snippet:-1, max-image-preview:large, max-video-preview:-1\" \/>\n<link rel=\"canonical\" href=\"https:\/\/eccollective.org\/es\/about-ecco\/\" \/>\n<meta property=\"og:locale\" content=\"es_MX\" \/>\n<meta property=\"og:type\" content=\"article\" \/>\n<meta property=\"og:title\" content=\"ECCo | Early Childhood Collective of Douglas County\" \/>\n<meta property=\"og:description\" content=\"Success By 6 assists families with young children 6 and under with ways to connect with community resources for developmental needs, parenting assistance, and daily living needs.\" \/>\n<meta property=\"og:url\" content=\"https:\/\/eccollective.org\/es\/about-ecco\/\" \/>\n<meta property=\"og:site_name\" content=\"Early Childhood Collective of Douglas County\" \/>\n<meta property=\"article:publisher\" content=\"https:\/\/www.facebook.com\/SB6DouglasCounty\/\" \/>\n<meta property=\"article:modified_time\" content=\"2024-08-23T18:06:00+00:00\" \/>\n<meta property=\"og:image\" content=\"https:\/\/eccollective.org\/wp-content\/uploads\/2024\/04\/uw_sb6_3s_ful_h-Copy-Copy.jpg\" \/>\n\t<meta property=\"og:image:width\" content=\"1737\" \/>\n\t<meta property=\"og:image:height\" content=\"248\" \/>\n\t<meta property=\"og:image:type\" content=\"image\/jpeg\" \/>\n<meta name=\"twitter:card\" content=\"summary_large_image\" \/>\n<meta name=\"twitter:label1\" content=\"Tiempo de lectura\" \/>\n\t<meta name=\"twitter:data1\" content=\"3 minutos\" \/>\n<script type=\"application\/ld+json\" class=\"yoast-schema-graph\">{\"@context\":\"https:\\\/\\\/schema.org\",\"@graph\":[{\"@type\":\"WebPage\",\"@id\":\"https:\\\/\\\/eccollective.org\\\/about-ecco\\\/\",\"url\":\"https:\\\/\\\/eccollective.org\\\/about-ecco\\\/\",\"name\":\"ECCo | Early Childhood Collective of Douglas County\",\"isPartOf\":{\"@id\":\"https:\\\/\\\/eccollective.org\\\/#website\"},\"primaryImageOfPage\":{\"@id\":\"https:\\\/\\\/eccollective.org\\\/about-ecco\\\/#primaryimage\"},\"image\":{\"@id\":\"https:\\\/\\\/eccollective.org\\\/about-ecco\\\/#primaryimage\"},\"thumbnailUrl\":\"https:\\\/\\\/eccollective.org\\\/wp-content\\\/uploads\\\/2024\\\/04\\\/uw_sb6_3s_ful_h-Copy-Copy.jpg\",\"datePublished\":\"2020-11-11T01:53:23+00:00\",\"dateModified\":\"2024-08-23T18:06:00+00:00\",\"description\":\"Success By 6 assists families with young children 6 and under with ways to connect with community resources for developmental needs, parenting assistance, and daily living needs.\",\"breadcrumb\":{\"@id\":\"https:\\\/\\\/eccollective.org\\\/about-ecco\\\/#breadcrumb\"},\"inLanguage\":\"es\",\"potentialAction\":[{\"@type\":\"ReadAction\",\"target\":[\"https:\\\/\\\/eccollective.org\\\/about-ecco\\\/\"]}]},{\"@type\":\"ImageObject\",\"inLanguage\":\"es\",\"@id\":\"https:\\\/\\\/eccollective.org\\\/about-ecco\\\/#primaryimage\",\"url\":\"https:\\\/\\\/eccollective.org\\\/wp-content\\\/uploads\\\/2024\\\/04\\\/uw_sb6_3s_ful_h-Copy-Copy.jpg\",\"contentUrl\":\"https:\\\/\\\/eccollective.org\\\/wp-content\\\/uploads\\\/2024\\\/04\\\/uw_sb6_3s_ful_h-Copy-Copy.jpg\",\"width\":1737,\"height\":248},{\"@type\":\"BreadcrumbList\",\"@id\":\"https:\\\/\\\/eccollective.org\\\/about-ecco\\\/#breadcrumb\",\"itemListElement\":[{\"@type\":\"ListItem\",\"position\":1,\"name\":\"Home\",\"item\":\"https:\\\/\\\/eccollective.org\\\/\"},{\"@type\":\"ListItem\",\"position\":2,\"name\":\"ECCo\"}]},{\"@type\":\"WebSite\",\"@id\":\"https:\\\/\\\/eccollective.org\\\/#website\",\"url\":\"https:\\\/\\\/eccollective.org\\\/\",\"name\":\"Early Childhood Collective of Douglas County\",\"description\":\"\",\"publisher\":{\"@id\":\"https:\\\/\\\/eccollective.org\\\/#organization\"},\"potentialAction\":[{\"@type\":\"SearchAction\",\"target\":{\"@type\":\"EntryPoint\",\"urlTemplate\":\"https:\\\/\\\/eccollective.org\\\/?s={search_term_string}\"},\"query-input\":{\"@type\":\"PropertyValueSpecification\",\"valueRequired\":true,\"valueName\":\"search_term_string\"}}],\"inLanguage\":\"es\"},{\"@type\":\"Organization\",\"@id\":\"https:\\\/\\\/eccollective.org\\\/#organization\",\"name\":\"Success By 6 Coalition of Douglas County\",\"url\":\"https:\\\/\\\/eccollective.org\\\/\",\"logo\":{\"@type\":\"ImageObject\",\"inLanguage\":\"es\",\"@id\":\"https:\\\/\\\/eccollective.org\\\/#\\\/schema\\\/logo\\\/image\\\/\",\"url\":\"https:\\\/\\\/dcsb6.org\\\/wp-content\\\/uploads\\\/2020\\\/11\\\/Sucessby6logo-e1712167746816.png\",\"contentUrl\":\"https:\\\/\\\/dcsb6.org\\\/wp-content\\\/uploads\\\/2020\\\/11\\\/Sucessby6logo-e1712167746816.png\",\"width\":500,\"height\":77,\"caption\":\"Success By 6 Coalition of Douglas County\"},\"image\":{\"@id\":\"https:\\\/\\\/eccollective.org\\\/#\\\/schema\\\/logo\\\/image\\\/\"},\"sameAs\":[\"https:\\\/\\\/www.facebook.com\\\/SB6DouglasCounty\\\/\"]}]}<\/script>\n<!-- \/ Yoast SEO plugin. -->","yoast_head_json":{"title":"ECCo | Early Childhood Collective of Douglas County","description":"Success By 6 ayuda a las familias con ni\u00f1os peque\u00f1os de 6 a\u00f1os o menos con formas de conectarse con los recursos de la comunidad para las necesidades de desarrollo, asistencia para los padres y las necesidades de la vida diaria.","robots":{"index":"index","follow":"follow","max-snippet":"max-snippet:-1","max-image-preview":"max-image-preview:large","max-video-preview":"max-video-preview:-1"},"canonical":"https:\/\/eccollective.org\/es\/about-ecco\/","og_locale":"es_MX","og_type":"article","og_title":"ECCo | Early Childhood Collective of Douglas County","og_description":"Success By 6 assists families with young children 6 and under with ways to connect with community resources for developmental needs, parenting assistance, and daily living needs.","og_url":"https:\/\/eccollective.org\/es\/about-ecco\/","og_site_name":"Early Childhood Collective of Douglas County","article_publisher":"https:\/\/www.facebook.com\/SB6DouglasCounty\/","article_modified_time":"2024-08-23T18:06:00+00:00","og_image":[{"width":1737,"height":248,"url":"https:\/\/eccollective.org\/wp-content\/uploads\/2024\/04\/uw_sb6_3s_ful_h-Copy-Copy.jpg","type":"image\/jpeg"}],"twitter_card":"summary_large_image","twitter_misc":{"Tiempo de lectura":"3 minutos"},"schema":{"@context":"https:\/\/schema.org","@graph":[{"@type":"WebPage","@id":"https:\/\/eccollective.org\/about-ecco\/","url":"https:\/\/eccollective.org\/about-ecco\/","name":"ECCo | Early Childhood Collective of Douglas County","isPartOf":{"@id":"https:\/\/eccollective.org\/#website"},"primaryImageOfPage":{"@id":"https:\/\/eccollective.org\/about-ecco\/#primaryimage"},"image":{"@id":"https:\/\/eccollective.org\/about-ecco\/#primaryimage"},"thumbnailUrl":"https:\/\/eccollective.org\/wp-content\/uploads\/2024\/04\/uw_sb6_3s_ful_h-Copy-Copy.jpg","datePublished":"2020-11-11T01:53:23+00:00","dateModified":"2024-08-23T18:06:00+00:00","description":"Success By 6 ayuda a las familias con ni\u00f1os peque\u00f1os de 6 a\u00f1os o menos con formas de conectarse con los recursos de la comunidad para las necesidades de desarrollo, asistencia para los padres y las necesidades de la vida diaria.","breadcrumb":{"@id":"https:\/\/eccollective.org\/about-ecco\/#breadcrumb"},"inLanguage":"es","potentialAction":[{"@type":"ReadAction","target":["https:\/\/eccollective.org\/about-ecco\/"]}]},{"@type":"ImageObject","inLanguage":"es","@id":"https:\/\/eccollective.org\/about-ecco\/#primaryimage","url":"https:\/\/eccollective.org\/wp-content\/uploads\/2024\/04\/uw_sb6_3s_ful_h-Copy-Copy.jpg","contentUrl":"https:\/\/eccollective.org\/wp-content\/uploads\/2024\/04\/uw_sb6_3s_ful_h-Copy-Copy.jpg","width":1737,"height":248},{"@type":"BreadcrumbList","@id":"https:\/\/eccollective.org\/about-ecco\/#breadcrumb","itemListElement":[{"@type":"ListItem","position":1,"name":"Home","item":"https:\/\/eccollective.org\/"},{"@type":"ListItem","position":2,"name":"ECCo"}]},{"@type":"WebSite","@id":"https:\/\/eccollective.org\/#website","url":"https:\/\/eccollective.org\/","name":"Early Childhood Collective of Douglas County","description":"","publisher":{"@id":"https:\/\/eccollective.org\/#organization"},"potentialAction":[{"@type":"SearchAction","target":{"@type":"EntryPoint","urlTemplate":"https:\/\/eccollective.org\/?s={search_term_string}"},"query-input":{"@type":"PropertyValueSpecification","valueRequired":true,"valueName":"search_term_string"}}],"inLanguage":"es"},{"@type":"Organization","@id":"https:\/\/eccollective.org\/#organization","name":"\u00c9xito de 6 Coalition of Douglas County","url":"https:\/\/eccollective.org\/","logo":{"@type":"ImageObject","inLanguage":"es","@id":"https:\/\/eccollective.org\/#\/schema\/logo\/image\/","url":"https:\/\/dcsb6.org\/wp-content\/uploads\/2020\/11\/Sucessby6logo-e1712167746816.png","contentUrl":"https:\/\/dcsb6.org\/wp-content\/uploads\/2020\/11\/Sucessby6logo-e1712167746816.png","width":500,"height":77,"caption":"Success By 6 Coalition of Douglas County"},"image":{"@id":"https:\/\/eccollective.org\/#\/schema\/logo\/image\/"},"sameAs":["https:\/\/www.facebook.com\/SB6DouglasCounty\/"]}]}},"uagb_featured_image_src":{"full":["https:\/\/eccollective.org\/wp-content\/uploads\/2024\/04\/uw_sb6_3s_ful_h-Copy-Copy.jpg",1737,248,false],"thumbnail":["https:\/\/eccollective.org\/wp-content\/uploads\/2024\/04\/uw_sb6_3s_ful_h-Copy-Copy-150x150.jpg",150,150,true],"medium":["https:\/\/eccollective.org\/wp-content\/uploads\/2024\/04\/uw_sb6_3s_ful_h-Copy-Copy-300x43.jpg",300,43,true],"medium_large":["https:\/\/eccollective.org\/wp-content\/uploads\/2024\/04\/uw_sb6_3s_ful_h-Copy-Copy-768x110.jpg",768,110,true],"large":["https:\/\/eccollective.org\/wp-content\/uploads\/2024\/04\/uw_sb6_3s_ful_h-Copy-Copy-1024x146.jpg",1024,146,true],"1536x1536":["https:\/\/eccollective.org\/wp-content\/uploads\/2024\/04\/uw_sb6_3s_ful_h-Copy-Copy-1536x219.jpg",1536,219,true],"2048x2048":["https:\/\/eccollective.org\/wp-content\/uploads\/2024\/04\/uw_sb6_3s_ful_h-Copy-Copy.jpg",1737,248,false],"trp-custom-language-flag":["https:\/\/eccollective.org\/wp-content\/uploads\/2024\/04\/uw_sb6_3s_ful_h-Copy-Copy-16x2.jpg",16,2,true],"post-thumbnail":["https:\/\/eccollective.org\/wp-content\/uploads\/2024\/04\/uw_sb6_3s_ful_h-Copy-Copy-1140x163.jpg",1140,163,true],"exs-square":["https:\/\/eccollective.org\/wp-content\/uploads\/2024\/04\/uw_sb6_3s_ful_h-Copy-Copy-800x248.jpg",800,248,true],"exs-square-half":["https:\/\/eccollective.org\/wp-content\/uploads\/2024\/04\/uw_sb6_3s_ful_h-Copy-Copy-800x248.jpg",800,248,true],"woocommerce_thumbnail":["https:\/\/eccollective.org\/wp-content\/uploads\/2024\/04\/uw_sb6_3s_ful_h-Copy-Copy-300x248.jpg",300,248,true],"woocommerce_single":["https:\/\/eccollective.org\/wp-content\/uploads\/2024\/04\/uw_sb6_3s_ful_h-Copy-Copy-600x86.jpg",600,86,true],"woocommerce_gallery_thumbnail":["https:\/\/eccollective.org\/wp-content\/uploads\/2024\/04\/uw_sb6_3s_ful_h-Copy-Copy-100x100.jpg",100,100,true]},"uagb_author_info":{"display_name":"Darleen","author_link":"https:\/\/eccollective.org\/es\/author\/pezdork9\/"},"uagb_comment_info":0,"uagb_excerpt":"Early Childhood Collective connects the coalition of early childhood resources that serves growing families in Douglas County. To accomplish this...","_links":{"self":[{"href":"https:\/\/eccollective.org\/es\/wp-json\/wp\/v2\/pages\/710","targetHints":{"allow":["GET"]}}],"collection":[{"href":"https:\/\/eccollective.org\/es\/wp-json\/wp\/v2\/pages"}],"about":[{"href":"https:\/\/eccollective.org\/es\/wp-json\/wp\/v2\/types\/page"}],"author":[{"embeddable":true,"href":"https:\/\/eccollective.org\/es\/wp-json\/wp\/v2\/users\/2"}],"replies":[{"embeddable":true,"href":"https:\/\/eccollective.org\/es\/wp-json\/wp\/v2\/comments?post=710"}],"version-history":[{"count":16,"href":"https:\/\/eccollective.org\/es\/wp-json\/wp\/v2\/pages\/710\/revisions"}],"predecessor-version":[{"id":1845,"href":"https:\/\/eccollective.org\/es\/wp-json\/wp\/v2\/pages\/710\/revisions\/1845"}],"wp:featuredmedia":[{"embeddable":true,"href":"https:\/\/eccollective.org\/es\/wp-json\/wp\/v2\/media\/1789"}],"wp:attachment":[{"href":"https:\/\/eccollective.org\/es\/wp-json\/wp\/v2\/media?parent=710"}],"curies":[{"name":"wp","href":"https:\/\/api.w.org\/{rel}","templated":true}]}}